{"id":34,"date":"2024-04-08T20:20:12","date_gmt":"2024-04-08T20:20:12","guid":{"rendered":"https:\/\/www.maxfeestverhuur.nl\/?page_id=34"},"modified":"2025-03-05T21:55:32","modified_gmt":"2025-03-05T21:55:32","slug":"partners","status":"publish","type":"page","link":"https:\/\/www.maxfeestverhuur.nl\/index.php\/partners\/","title":{"rendered":"Partners"},"content":{"rendered":"\r\n<figure class=\"wp-block-image size-large is-resized\"><a href=\"http:\/\/dreugeworst.com\" target=\"_blank\" rel=\"noopener\"><img loading=\"lazy\" decoding=\"async\" class=\"alignnone wp-image-107\" style=\"width: 315px; height: 315px;\" src=\"https:\/\/www.maxfeestverhuur.nl\/wp-content\/uploads\/2024\/04\/db61f4a9-7ff1-4d5a-a031-3d2bb2797f17-2-1024x1024.jpg\" alt=\"\" width=\"1024\" height=\"1024\" srcset=\"https:\/\/www.maxfeestverhuur.nl\/wp-content\/uploads\/2024\/04\/db61f4a9-7ff1-4d5a-a031-3d2bb2797f17-2-1024x1024.jpg 1024w, https:\/\/www.maxfeestverhuur.nl\/wp-content\/uploads\/2024\/04\/db61f4a9-7ff1-4d5a-a031-3d2bb2797f17-2-300x300.jpg 300w, https:\/\/www.maxfeestverhuur.nl\/wp-content\/uploads\/2024\/04\/db61f4a9-7ff1-4d5a-a031-3d2bb2797f17-2-150x150.jpg 150w, https:\/\/www.maxfeestverhuur.nl\/wp-content\/uploads\/2024\/04\/db61f4a9-7ff1-4d5a-a031-3d2bb2797f17-2-768x768.jpg 768w, https:\/\/www.maxfeestverhuur.nl\/wp-content\/uploads\/2024\/04\/db61f4a9-7ff1-4d5a-a031-3d2bb2797f17-2-1536x1536.jpg 1536w, https:\/\/www.maxfeestverhuur.nl\/wp-content\/uploads\/2024\/04\/db61f4a9-7ff1-4d5a-a031-3d2bb2797f17-2.jpg 1599w\" sizes=\"(max-width: 1024px) 100vw, 1024px\" \/><\/a><\/figure>\r\n\r\n\r\n\r\n<p><strong>Dreuge Worst<\/strong><\/p>\r\n\r\n\r\n\r\n<p>Dreuge worst mag natuurlijk niet onbreken bij de borrel of een biertje.<br \/>De lekkerste dreuge worst, groot of klein, met of zonder kruidnagel, of een stengeltje,<br \/>kun je online bestellen of bij MAX feestverhuur.<\/p>\r\n<p><br \/><a href=\"http:\/\/www.degloepe.nl\" target=\"_blank\" rel=\"noreferrer noopener\"><img loading=\"lazy\" decoding=\"async\" class=\"alignnone wp-image-185\" src=\"https:\/\/www.maxfeestverhuur.nl\/wp-content\/uploads\/2024\/09\/de-gloepe-300x169.jpg\" alt=\"\" width=\"343\" height=\"193\" srcset=\"https:\/\/www.maxfeestverhuur.nl\/wp-content\/uploads\/2024\/09\/de-gloepe-300x169.jpg 300w, https:\/\/www.maxfeestverhuur.nl\/wp-content\/uploads\/2024\/09\/de-gloepe-768x432.jpg 768w, https:\/\/www.maxfeestverhuur.nl\/wp-content\/uploads\/2024\/09\/de-gloepe.jpg 800w\" sizes=\"(max-width: 343px) 100vw, 343px\" \/><\/a><\/p>\r\n<p><strong>Hotel Boerderij-Restaurant &#8216;de Gloepe&#8217;<\/strong><br \/><br \/>Wil je een compleet verzorgd huwelijks- of verjaardagsfeest?<br \/>Dan ben je bij &#8216;de Gloepe&#8217; aan het juiste adres.\u00a0<br \/><br \/>Niet nadenken over vervoer? Dan blijf je lekker overnachten!<br \/>Bel voor een vrijblijvende afspraak: 0523-251231<br \/><br \/><\/p>\r\n\r\n\r\n\r\n<figure class=\"wp-block-image size-full is-resized\"><a href=\"https:\/\/www.ladolcebarista.nl\/\" target=\"_blank\" rel=\"noreferrer noopener\"><img loading=\"lazy\" decoding=\"async\" width=\"637\" height=\"422\" class=\"wp-image-124\" style=\"width: 317px; height: 210px;\" src=\"https:\/\/www.maxfeestverhuur.nl\/wp-content\/uploads\/2024\/04\/la_dolce_barista_cover-2.jpg\" alt=\"\" srcset=\"https:\/\/www.maxfeestverhuur.nl\/wp-content\/uploads\/2024\/04\/la_dolce_barista_cover-2.jpg 637w, https:\/\/www.maxfeestverhuur.nl\/wp-content\/uploads\/2024\/04\/la_dolce_barista_cover-2-300x199.jpg 300w\" sizes=\"(max-width: 637px) 100vw, 637px\" \/><\/a><\/figure>\r\n\r\n\r\n\r\n<p class=\"has-text-align-left\"><strong>La Dolce Barista<\/strong><br \/><br \/>La Dolce Barista betekent: de prettige koffiemaker.<br \/><br \/>Prettig, dankzij hun ludieke Piaggio koffiebarren en de nostalgische Koffie-Eend die je overal verrast met koffiespecialiteiten, van beurs tot bruiloft. <br \/>En de barista m\u00e9t kwaliteitscertificaat m\u00e1\u00e1kt je koffie. Hij kiest de beste bonen, maling en apparatuur en zet met de hand de lekkerste koffie. <br \/>Proef passie en vakmanschap, ervaar de koffiebeleving op locatie.<\/p>\r\n\r\n\r\n\r\n<p><a href=\"https:\/\/tuhenteverhuur.nl\/\" target=\"_blank\" rel=\"noopener\"><img loading=\"lazy\" decoding=\"async\" class=\"alignnone wp-image-211 size-full\" src=\"https:\/\/www.maxfeestverhuur.nl\/wp-content\/uploads\/2025\/01\/tuhente2.jpg\" alt=\"\" width=\"224\" height=\"125\" \/><\/a><br \/><strong>Tuhente verhuur<\/strong><\/p>\r\n<p class=\"has-text-align-left\">Tuhente verhuur is het adres voor het huren van verschillende partytenten. <br \/>Zowel voor particulieren als bedrijven. Zij verhuren professionele kwaliteit<br \/>partytenten tegen scherpe prijzen. Ook verhuren ze statafels, heaters, tafels met stoelen, feestverlichting en andere accessoires om het feest helemaal compleet te maken.<\/p>\r\n\r\n\r\n\r\n<div class=\"wp-block-group\"><div class=\"wp-block-group__inner-container is-layout-constrained wp-block-group-is-layout-constrained\">\r\n<div class=\"wp-block-group\"><div class=\"wp-block-group__inner-container is-layout-constrained wp-block-group-is-layout-constrained\"><br \/><a href=\"https:\/\/gigrig.nl\/\" target=\"_blank\" rel=\"noopener\"><img loading=\"lazy\" decoding=\"async\" class=\"alignnone wp-image-204 size-medium\" src=\"https:\/\/www.maxfeestverhuur.nl\/wp-content\/uploads\/2025\/01\/gigrig4-300x219.jpg\" alt=\"\" width=\"300\" height=\"219\" srcset=\"https:\/\/www.maxfeestverhuur.nl\/wp-content\/uploads\/2025\/01\/gigrig4-300x219.jpg 300w, https:\/\/www.maxfeestverhuur.nl\/wp-content\/uploads\/2025\/01\/gigrig4.jpg 600w\" sizes=\"(max-width: 300px) 100vw, 300px\" \/><\/a><br \/><br \/>\r\n<p><strong>Gig Rig<\/strong><\/p>\r\n<p class=\"has-text-align-left\">Wil je knallen op je feest? Maak kennis met de \u201cGig-Rig\u201d DJ-Truck!<br \/>Een iconische truck uit 1964, kletsnat van nostalgie en opnieuw tot leven gebracht met moderne technologie. Een unieke ervaring die het verleden eert en de toekomst omarmt, allemaal op vier wielen. &#8216;Where vintage meet beats&#8217;.<\/p>\r\n<\/div>\r\n<\/div><\/div><\/div>\r\n","protected":false},"excerpt":{"rendered":"<p>Dreuge Worst Dreuge worst mag natuurlijk niet onbreken bij de borrel of een biertje.De lekkerste dreuge worst, groot of klein, met of zonder kruidnagel, of een stengeltje,kun je online bestellen of bij MAX feestverhuur. Hotel Boerderij-Restaurant &#8216;de Gloepe&#8217; Wil je &hellip; <a href=\"https:\/\/www.maxfeestverhuur.nl\/index.php\/partners\/\">Lees verder <span class=\"meta-nav\">&rarr;<\/span><\/a><\/p>\n","protected":false},"author":1,"featured_media":0,"parent":0,"menu_order":3,"comment_status":"closed","ping_status":"closed","template":"onecolumn-page.php","meta":{"footnotes":""},"class_list":["post-34","page","type-page","status-publish","hentry"],"_links":{"self":[{"href":"https:\/\/www.maxfeestverhuur.nl\/index.php\/wp-json\/wp\/v2\/pages\/34"}],"collection":[{"href":"https:\/\/www.maxfeestverhuur.nl\/index.php\/wp-json\/wp\/v2\/pages"}],"about":[{"href":"https:\/\/www.maxfeestverhuur.nl\/index.php\/wp-json\/wp\/v2\/types\/page"}],"author":[{"embeddable":true,"href":"https:\/\/www.maxfeestverhuur.nl\/index.php\/wp-json\/wp\/v2\/users\/1"}],"replies":[{"embeddable":true,"href":"https:\/\/www.maxfeestverhuur.nl\/index.php\/wp-json\/wp\/v2\/comments?post=34"}],"version-history":[{"count":48,"href":"https:\/\/www.maxfeestverhuur.nl\/index.php\/wp-json\/wp\/v2\/pages\/34\/revisions"}],"predecessor-version":[{"id":230,"href":"https:\/\/www.maxfeestverhuur.nl\/index.php\/wp-json\/wp\/v2\/pages\/34\/revisions\/230"}],"wp:attachment":[{"href":"https:\/\/www.maxfeestverhuur.nl\/index.php\/wp-json\/wp\/v2\/media?parent=34"}],"curies":[{"name":"wp","href":"https:\/\/api.w.org\/{rel}","templated":true}]}}